{"id":376,"date":"2016-06-20T16:02:53","date_gmt":"2016-06-20T16:02:53","guid":{"rendered":"http:\/\/inconexus.com\/home\/"},"modified":"2024-06-27T08:38:56","modified_gmt":"2024-06-27T13:38:56","slug":"home","status":"publish","type":"page","link":"https:\/\/inconexus.com\/es\/","title":{"rendered":"Home"},"content":{"rendered":"<div class=\"wpb-content-wrapper\"><p>[vc_row type=\u00bbvc_default\u00bb full_width=\u00bbstretch_row\u00bb bg_type=\u00bbimage\u00bb parallax_style=\u00bbvcpb-default\u00bb bg_image_repeat=\u00bbno-repeat\u00bb bg_img_attach=\u00bbfixed\u00bb css=\u00bb.vc_custom_1719495066991{margin-bottom: 0px !important;}\u00bb][vc_column css=\u00bb.vc_custom_1466450125659{padding-top: 40px !important;padding-bottom: 40px !important;}\u00bb]<div class=\"dt-fancy-separator h1-size style-disabled\" style=\"width: 100%;\"><div class=\"dt-fancy-title\" style=\"color: #39b54a;\"><span class=\"separator-holder separator-left\"><\/span>LA MEJOR FUENTE DE CAF\u00c9 ESPECIAL DE COLOMBIA<span class=\"separator-holder separator-right\"><\/span><\/div><\/div>[vc_row_inner content_placement=\u00bbtop\u00bb css=\u00bb.vc_custom_1582217995960{margin-top: 35px !important;}\u00bb][vc_column_inner width=\u00bb1\/2&#8243;][vc_column_text css=\u00bb.vc_custom_1582218528274{padding-top: 0px !important;}\u00bb]InConexus es una organizaci\u00f3n privada que se enfoca en la creaci\u00f3n de alternativas sostenibles por medio de oportunidades de mercado buscando el establecimiento de beneficios mutuos entre el sector corporativo y organizaciones con base social en los siguientes campos: negocios ambientales, comercio directo (condiciones justas), alianzas inclusivas y responsabilidad social corporativa.<\/p>\n<p>InConexus tiene una larga trayectoria en comercio internacional y acceso a mercados dentro del \u00e1mbito de agro negocios y empoderamiento de comunidades.[\/vc_column_text][vc_btn title=\u00bbLee m\u00e1s\u00bb style=\u00bbcustom\u00bb custom_background=\u00bb#39b54a\u00bb custom_text=\u00bb#ffffff\u00bb shape=\u00bbsquare\u00bb size=\u00bblg\u00bb align=\u00bbleft\u00bb css_animation=\u00bbbottom-to-top\u00bb link=\u00bburl:http%3A%2F%2Finconexus.com%2Fes%2Fabout-us||\u00bb][\/vc_column_inner][vc_column_inner width=\u00bb1\/2&#8243; css=\u00bb.vc_custom_1582218017173{padding-top: 0px !important;}\u00bb]<div id=\"ultimate-video-884469e1480cbc012\" class=\"ult-video  vc_custom_1582650383835 ult-adjust-bottom-margin ultimate-video-884469e1480cbc012 ultv-6170 \"><div class=\"ultv-video ultv-aspect-ratio-16_9 ultv-subscribe-responsive-none\" data-videotype=\"uv_iframe\">\n\t\t\t\t\t\t<div class=\"ultv-video__outer-wrap\" data-autoplay=\"0\" data-device=\"false\"  data-iconbg=\"#3A3A3A\" data-overcolor=\"\" data-defaultbg=\"#1f1f1e\" data-defaultplay=\"defaulticon\"><div class=\"ultv-video__play\" data-src=\"https:\/\/www.youtube.com\/embed\/1XJNKMHOuY4?rel=0&#038;start&#038;end&#038;controls=1&#038;mute=0&#038;modestbranding=0&#038;autoplay=1\">\n\t\t\t\t\t\t\t\t<img decoding=\"async\" class=\"ultv-video__thumb\" src=\"https:\/\/i.ytimg.com\/vi\/1XJNKMHOuY4\/maxresdefault.jpg\"\/>\n\t\t\t\t\t\t\t\t<div class=\"ultv-video__play-icon  ultv-animation-none\" style=\"width:75px\"><svg height=\"100%\" version=\"1.1\" viewBox=\"0 0 68 48\" width=\"100%\"><path class=\"ultv-youtube-icon-bg\" d=\"m .66,37.62 c 0,0 .66,4.70 2.70,6.77 2.58,2.71 5.98,2.63 7.49,2.91 5.43,.52 23.10,.68 23.12,.68 .00,-1.3e-5 14.29,-0.02 23.81,-0.71 1.32,-0.15 4.22,-0.17 6.81,-2.89 2.03,-2.07 2.70,-6.77 2.70,-6.77 0,0 .67,-5.52 .67,-11.04 l 0,-5.17 c 0,-5.52 -0.67,-11.04 -0.67,-11.04 0,0 -0.66,-4.70 -2.70,-6.77 C 62.03,.86 59.13,.84 57.80,.69 48.28,0 34.00,0 34.00,0 33.97,0 19.69,0 10.18,.69 8.85,.84 5.95,.86 3.36,3.58 1.32,5.65 .66,10.35 .66,10.35 c 0,0 -0.55,4.50 -0.66,9.45 l 0,8.36 c .10,4.94 .66,9.45 .66,9.45 z\" fill=\"#1f1f1e\" ><\/path><path d=\"m 26.96,13.67 18.37,9.62 -18.37,9.55 -0.00,-19.17 z\" fill=\"#fff\"><\/path><path d=\"M 45.02,23.46 45.32,23.28 26.96,13.67 43.32,22.34 45.02,23.46 z\" fill=\"#ccc\"><\/path><\/svg><\/div> <\/div> <\/div><\/div><\/div>[\/vc_column_inner][\/vc_row_inner][\/vc_column][\/vc_row][vc_row type=\u00bbvc_default\u00bb full_width=\u00bbstretch_row_content\u00bb equal_height=\u00bbyes\u00bb margin_bottom=\u00bb-50px\u00bb full_width_row=\u00bbtrue\u00bb css=\u00bb.vc_custom_1582218170814{margin-top: 0px !important;margin-bottom: 0px !important;border-top-width: 0px !important;padding-top: 0px !important;}\u00bb][vc_column width=\u00bb1\/2&#8243; css=\u00bb.vc_custom_1473981625020{padding-right: 40px !important;padding-left: 40px !important;background-image: url(http:\/\/inconexus.com\/wp-content\/uploads\/2016\/06\/presencia-background-1.jpg?id=146) !important;background-position: center !important;background-repeat: no-repeat !important;background-size: cover !important;}\u00bb][vc_empty_space height=\u00bb26px\u00bb]<div class=\"dt-fancy-separator h1-size style-disabled\" style=\"width: 100%;\"><div class=\"dt-fancy-title\" style=\"color: #ffffff;\"><span class=\"separator-holder separator-left\"><\/span>VALOR COMPARTIDO<span class=\"separator-holder separator-right\"><\/span><\/div><\/div>[vc_empty_space height=\u00bb26px\u00bb][vc_row_inner css=\u00bb.vc_custom_1468602277699{margin-top: 0px !important;border-top-width: 0px !important;padding-top: 0px !important;}\u00bb][vc_column_inner css=\u00bb.vc_custom_1466451275429{padding-top: 20px !important;padding-right: 20px !important;padding-bottom: 20px !important;padding-left: 20px !important;}\u00bb][vc_column_text el_class=\u00bbtext-1&#8243;]InConexus est\u00e1 siempre trabajando en generar valor significativo y medible junto con las comunidades que son afines con el negocio. Esto es a lo que llamamos <em>Valor Compartido<\/em> el cual es tambi\u00e9n la esencia de la empresa.<\/p>\n<p><a class=\"dt-single-image\" href=\"http:\/\/inconexus.com\/wp-content\/uploads\/2016\/06\/Copia-de-IMG_0961-e1466618759708.jpg\" data-dt-img-description=\"\"><img decoding=\"async\" class=\"size-medium wp-image-112 alignleft\" src=\"http:\/\/inconexus.com\/wp-content\/uploads\/2016\/06\/Copia-de-IMG_0961-300x200.jpg\" alt=\"Copia de IMG_0961\" width=\"300\" height=\"200\" \/><\/a>Un ejemplo de uno de estos proyectos es <em>Women\u00b4s Power,<\/em> el cual busca beneficiar cafeteras colombianas, sus comunidades y regiones de producci\u00f3n. Esto se realiza a trav\u00e9s talleres y actividades que enriquecen su conocimiento acerca de todos los procesos relacionados con el caf\u00e9, y al mismo tiempo tienen la posibilidad de mejorar sus habilidades personales como parte del compromiso con la igualdad de g\u00e9nero en Colombia.[\/vc_column_text][\/vc_column_inner][\/vc_row_inner][vc_row_inner][vc_column_inner][vc_btn title=\u00bbLee m\u00e1s\u00bb style=\u00bboutline\u00bb shape=\u00bbsquare\u00bb color=\u00bbwhite\u00bb size=\u00bblg\u00bb align=\u00bbcenter\u00bb css_animation=\u00bbbottom-to-top\u00bb link=\u00bburl:http%3A%2F%2Finconexus.com%2Fes%2Fshared-value%2F||\u00bb][\/vc_column_inner][\/vc_row_inner][vc_empty_space height=\u00bb26px\u00bb][\/vc_column][vc_column width=\u00bb1\/2&#8243; css=\u00bb.vc_custom_1466616235829{padding-right: 20px !important;padding-left: 20px !important;background-color: #e89a40 !important;}\u00bb][vc_row_inner][vc_column_inner css=\u00bb.vc_custom_1466451281986{padding-top: 20px !important;padding-right: 20px !important;padding-bottom: 20px !important;padding-left: 20px !important;}\u00bb][vc_empty_space height=\u00bb20px\u00bb][vc_single_image image=\u00bb404&#8243; img_size=\u00bbfull\u00bb alignment=\u00bbcenter\u00bb][vc_btn title=\u00bbLee m\u00e1s\u00bb style=\u00bboutline\u00bb shape=\u00bbsquare\u00bb color=\u00bbwhite\u00bb size=\u00bblg\u00bb align=\u00bbcenter\u00bb css_animation=\u00bbbottom-to-top\u00bb link=\u00bburl:http%3A%2F%2Finconexus.com%2Fes%2Four-products||\u00bb][\/vc_column_inner][\/vc_row_inner][\/vc_column][\/vc_row][vc_row type=\u00bbvc_default\u00bb full_width=\u00bbstretch_row\u00bb bg_type=\u00bbimage\u00bb parallax_style=\u00bbvcpb-default\u00bb bg_image_repeat=\u00bbno-repeat\u00bb bg_img_attach=\u00bbfixed\u00bb css=\u00bb.vc_custom_1719495525774{padding-top: 50px !important;padding-bottom: 50px !important;}\u00bb el_id=\u00bbform\u00bb][vc_column width=\u00bb1\/4&#8243;][\/vc_column][vc_column width=\u00bb1\/2&#8243;][vc_column_text]<\/p>\n<h2>\u00a1BIENVENIDOS!<\/h2>\n<p>Para nosotros es un honor que quieras registrarte en nuestro Sitio Web. Por favor llena los campos a continuaci\u00f3n:[\/vc_column_text]\n<div class=\"wpcf7 no-js\" id=\"wpcf7-f409-o1\" lang=\"es-ES\" dir=\"ltr\" data-wpcf7-id=\"409\">\n<div class=\"screen-reader-response\"><p role=\"status\" aria-live=\"polite\" aria-atomic=\"true\"><\/p> <ul><\/ul><\/div>\n<form action=\"\/es\/wp-json\/wp\/v2\/pages\/376#wpcf7-f409-o1\" method=\"post\" class=\"wpcf7-form init\" aria-label=\"Formulario de contacto\" novalidate=\"novalidate\" data-status=\"init\">\n<fieldset class=\"hidden-fields-container\"><input type=\"hidden\" name=\"_wpcf7\" value=\"409\" \/><input type=\"hidden\" name=\"_wpcf7_version\" value=\"6.1\" \/><input type=\"hidden\" name=\"_wpcf7_locale\" value=\"es_ES\" \/><input type=\"hidden\" name=\"_wpcf7_unit_tag\" value=\"wpcf7-f409-o1\" \/><input type=\"hidden\" name=\"_wpcf7_container_post\" value=\"0\" \/><input type=\"hidden\" name=\"_wpcf7_posted_data_hash\" value=\"\" \/><input type=\"hidden\" name=\"_wpcf7_recaptcha_response\" value=\"\" \/>\n<\/fieldset>\n<p>Your Name (required)<br \/>\n<span class=\"wpcf7-form-control-wrap\" data-name=\"your-name\"><input size=\"40\" maxlength=\"400\" class=\"wpcf7-form-control wpcf7-text wpcf7-validates-as-required\" aria-required=\"true\" aria-invalid=\"false\" value=\"\" type=\"text\" name=\"your-name\" \/><\/span>\n<\/p>\n<p>Your Email (required)<br \/>\n<span class=\"wpcf7-form-control-wrap\" data-name=\"your-email\"><input size=\"40\" maxlength=\"400\" class=\"wpcf7-form-control wpcf7-email wpcf7-validates-as-required wpcf7-text wpcf7-validates-as-email\" aria-required=\"true\" aria-invalid=\"false\" value=\"\" type=\"email\" name=\"your-email\" \/><\/span>\n<\/p>\n<p>Role <span class=\"wpcf7-form-control-wrap\" data-name=\"Role\"><select class=\"wpcf7-form-control wpcf7-select\" aria-invalid=\"false\" name=\"Role\"><option value=\"Roaster\">Roaster<\/option><option value=\"Importer\">Importer<\/option><option value=\"Green coffee buyer\">Green coffee buyer<\/option><option value=\"Producer\">Producer<\/option><option value=\"Association member\">Association member<\/option><option value=\"Other\">Other<\/option><\/select><\/span>\n<\/p>\n<p>Subject <span class=\"wpcf7-form-control-wrap\" data-name=\"text\"><select class=\"wpcf7-form-control wpcf7-select\" aria-invalid=\"false\" name=\"text\"><option value=\"Purchase\">Purchase<\/option><option value=\"Sell\">Sell<\/option><option value=\"Being part of the team\">Being part of the team<\/option><option value=\"Proyect proposal\">Proyect proposal<\/option><option value=\"Alliance\">Alliance<\/option><option value=\"Media\">Media<\/option><\/select><\/span>\n<\/p>\n<p>Your Message<br \/>\n<span class=\"wpcf7-form-control-wrap\" data-name=\"your-message\"><textarea cols=\"40\" rows=\"10\" maxlength=\"2000\" class=\"wpcf7-form-control wpcf7-textarea\" aria-invalid=\"false\" name=\"your-message\"><\/textarea><\/span>\n<\/p>\n<p><input class=\"wpcf7-form-control wpcf7-submit has-spinner\" type=\"submit\" value=\"Send\" \/>\n<\/p><div class=\"wpcf7-response-output\" aria-hidden=\"true\"><\/div>\n<\/form>\n<\/div>\n[\/vc_column][vc_column width=\u00bb1\/4&#8243;][\/vc_column][\/vc_row]<\/p>\n<\/div>","protected":false},"excerpt":{"rendered":"<p>[vc_row type=\u00bbvc_default\u00bb full_width=\u00bbstretch_row\u00bb bg_type=\u00bbimage\u00bb parallax_style=\u00bbvcpb-default\u00bb bg_image_repeat=\u00bbno-repeat\u00bb bg_img_attach=\u00bbfixed\u00bb css=\u00bb.vc_custom_1719495066991{margin-bottom: 0px !important;}\u00bb][vc_column css=\u00bb.vc_custom_1466450125659{padding-top: 40px !important;padding-bottom: 40px !important;}\u00bb][vc_row_inner content_placement=\u00bbtop\u00bb css=\u00bb.vc_custom_1582217995960{margin-top: 35px !important;}\u00bb][vc_column_inner width=\u00bb1\/2&#8243;][vc_column_text css=\u00bb.vc_custom_1582218528274{padding-top: 0px !important;}\u00bb]InConexus es una organizaci\u00f3n privada que se enfoca&hellip;<\/p>\n","protected":false},"author":4,"featured_media":0,"parent":0,"menu_order":0,"comment_status":"closed","ping_status":"closed","template":"","meta":{"footnotes":""},"class_list":["post-376","page","type-page","status-publish","hentry","description-off"],"yoast_head":"<!-- This site is optimized with the Yoast SEO plugin v25.6 - https:\/\/yoast.com\/wordpress\/plugins\/seo\/ -->\n<title>Home - Inconexus<\/title>\n<meta name=\"robots\" content=\"index, follow, max-snippet:-1, max-image-preview:large, max-video-preview:-1\" \/>\n<link rel=\"canonical\" href=\"https:\/\/inconexus.com\/es\/\" \/>\n<meta property=\"og:locale\" content=\"es_ES\" \/>\n<meta property=\"og:type\" content=\"article\" \/>\n<meta property=\"og:title\" content=\"Home - Inconexus\" \/>\n<meta property=\"og:description\" content=\"[vc_row type=\u00bbvc_default\u00bb full_width=\u00bbstretch_row\u00bb bg_type=\u00bbimage\u00bb parallax_style=\u00bbvcpb-default\u00bb bg_image_repeat=\u00bbno-repeat\u00bb bg_img_attach=\u00bbfixed\u00bb css=\u00bb.vc_custom_1719495066991{margin-bottom: 0px !important;}\u00bb][vc_column css=\u00bb.vc_custom_1466450125659{padding-top: 40px !important;padding-bottom: 40px !important;}\u00bb][vc_row_inner content_placement=\u00bbtop\u00bb css=\u00bb.vc_custom_1582217995960{margin-top: 35px !important;}\u00bb][vc_column_inner width=\u00bb1\/2&#8243;][vc_column_text css=\u00bb.vc_custom_1582218528274{padding-top: 0px !important;}\u00bb]InConexus es una organizaci\u00f3n privada que se enfoca&hellip;\" \/>\n<meta property=\"og:url\" content=\"https:\/\/inconexus.com\/es\/\" \/>\n<meta property=\"og:site_name\" content=\"Inconexus\" \/>\n<meta property=\"article:modified_time\" content=\"2024-06-27T13:38:56+00:00\" \/>\n<meta property=\"og:image\" content=\"http:\/\/inconexus.com\/wp-content\/uploads\/2016\/06\/Copia-de-IMG_0961-300x200.jpg\" \/>\n<meta name=\"twitter:card\" content=\"summary_large_image\" \/>\n<meta name=\"twitter:label1\" content=\"Tiempo de lectura\" \/>\n\t<meta name=\"twitter:data1\" content=\"2 minutos\" \/>\n<script type=\"application\/ld+json\" class=\"yoast-schema-graph\">{\"@context\":\"https:\/\/schema.org\",\"@graph\":[{\"@type\":\"WebPage\",\"@id\":\"https:\/\/inconexus.com\/es\/\",\"url\":\"https:\/\/inconexus.com\/es\/\",\"name\":\"Home - Inconexus\",\"isPartOf\":{\"@id\":\"https:\/\/inconexus.com\/#website\"},\"primaryImageOfPage\":{\"@id\":\"https:\/\/inconexus.com\/es\/#primaryimage\"},\"image\":{\"@id\":\"https:\/\/inconexus.com\/es\/#primaryimage\"},\"thumbnailUrl\":\"http:\/\/inconexus.com\/wp-content\/uploads\/2016\/06\/Copia-de-IMG_0961-300x200.jpg\",\"datePublished\":\"2016-06-20T16:02:53+00:00\",\"dateModified\":\"2024-06-27T13:38:56+00:00\",\"breadcrumb\":{\"@id\":\"https:\/\/inconexus.com\/es\/#breadcrumb\"},\"inLanguage\":\"es\",\"potentialAction\":[{\"@type\":\"ReadAction\",\"target\":[\"https:\/\/inconexus.com\/es\/\"]}]},{\"@type\":\"ImageObject\",\"inLanguage\":\"es\",\"@id\":\"https:\/\/inconexus.com\/es\/#primaryimage\",\"url\":\"http:\/\/inconexus.com\/wp-content\/uploads\/2016\/06\/Copia-de-IMG_0961-300x200.jpg\",\"contentUrl\":\"http:\/\/inconexus.com\/wp-content\/uploads\/2016\/06\/Copia-de-IMG_0961-300x200.jpg\"},{\"@type\":\"BreadcrumbList\",\"@id\":\"https:\/\/inconexus.com\/es\/#breadcrumb\",\"itemListElement\":[{\"@type\":\"ListItem\",\"position\":1,\"name\":\"Home\",\"item\":\"https:\/\/inconexus.com\/es\/\"},{\"@type\":\"ListItem\",\"position\":2,\"name\":\"Home\"}]},{\"@type\":\"WebSite\",\"@id\":\"https:\/\/inconexus.com\/#website\",\"url\":\"https:\/\/inconexus.com\/\",\"name\":\"Inconexus\",\"description\":\"Best source of colombian fine coffee\",\"publisher\":{\"@id\":\"https:\/\/inconexus.com\/#organization\"},\"potentialAction\":[{\"@type\":\"SearchAction\",\"target\":{\"@type\":\"EntryPoint\",\"urlTemplate\":\"https:\/\/inconexus.com\/?s={search_term_string}\"},\"query-input\":{\"@type\":\"PropertyValueSpecification\",\"valueRequired\":true,\"valueName\":\"search_term_string\"}}],\"inLanguage\":\"es\"},{\"@type\":\"Organization\",\"@id\":\"https:\/\/inconexus.com\/#organization\",\"name\":\"Inconexus\",\"url\":\"https:\/\/inconexus.com\/\",\"logo\":{\"@type\":\"ImageObject\",\"inLanguage\":\"es\",\"@id\":\"https:\/\/inconexus.com\/#\/schema\/logo\/image\/\",\"url\":\"https:\/\/inconexus.com\/wp-content\/uploads\/2016\/05\/Logo_Inconexus.png\",\"contentUrl\":\"https:\/\/inconexus.com\/wp-content\/uploads\/2016\/05\/Logo_Inconexus.png\",\"width\":485,\"height\":485,\"caption\":\"Inconexus\"},\"image\":{\"@id\":\"https:\/\/inconexus.com\/#\/schema\/logo\/image\/\"}}]}<\/script>\n<!-- \/ Yoast SEO plugin. -->","yoast_head_json":{"title":"Home - Inconexus","robots":{"index":"index","follow":"follow","max-snippet":"max-snippet:-1","max-image-preview":"max-image-preview:large","max-video-preview":"max-video-preview:-1"},"canonical":"https:\/\/inconexus.com\/es\/","og_locale":"es_ES","og_type":"article","og_title":"Home - Inconexus","og_description":"[vc_row type=\u00bbvc_default\u00bb full_width=\u00bbstretch_row\u00bb bg_type=\u00bbimage\u00bb parallax_style=\u00bbvcpb-default\u00bb bg_image_repeat=\u00bbno-repeat\u00bb bg_img_attach=\u00bbfixed\u00bb css=\u00bb.vc_custom_1719495066991{margin-bottom: 0px !important;}\u00bb][vc_column css=\u00bb.vc_custom_1466450125659{padding-top: 40px !important;padding-bottom: 40px !important;}\u00bb][vc_row_inner content_placement=\u00bbtop\u00bb css=\u00bb.vc_custom_1582217995960{margin-top: 35px !important;}\u00bb][vc_column_inner width=\u00bb1\/2&#8243;][vc_column_text css=\u00bb.vc_custom_1582218528274{padding-top: 0px !important;}\u00bb]InConexus es una organizaci\u00f3n privada que se enfoca&hellip;","og_url":"https:\/\/inconexus.com\/es\/","og_site_name":"Inconexus","article_modified_time":"2024-06-27T13:38:56+00:00","og_image":[{"url":"http:\/\/inconexus.com\/wp-content\/uploads\/2016\/06\/Copia-de-IMG_0961-300x200.jpg","type":"","width":"","height":""}],"twitter_card":"summary_large_image","twitter_misc":{"Tiempo de lectura":"2 minutos"},"schema":{"@context":"https:\/\/schema.org","@graph":[{"@type":"WebPage","@id":"https:\/\/inconexus.com\/es\/","url":"https:\/\/inconexus.com\/es\/","name":"Home - Inconexus","isPartOf":{"@id":"https:\/\/inconexus.com\/#website"},"primaryImageOfPage":{"@id":"https:\/\/inconexus.com\/es\/#primaryimage"},"image":{"@id":"https:\/\/inconexus.com\/es\/#primaryimage"},"thumbnailUrl":"http:\/\/inconexus.com\/wp-content\/uploads\/2016\/06\/Copia-de-IMG_0961-300x200.jpg","datePublished":"2016-06-20T16:02:53+00:00","dateModified":"2024-06-27T13:38:56+00:00","breadcrumb":{"@id":"https:\/\/inconexus.com\/es\/#breadcrumb"},"inLanguage":"es","potentialAction":[{"@type":"ReadAction","target":["https:\/\/inconexus.com\/es\/"]}]},{"@type":"ImageObject","inLanguage":"es","@id":"https:\/\/inconexus.com\/es\/#primaryimage","url":"http:\/\/inconexus.com\/wp-content\/uploads\/2016\/06\/Copia-de-IMG_0961-300x200.jpg","contentUrl":"http:\/\/inconexus.com\/wp-content\/uploads\/2016\/06\/Copia-de-IMG_0961-300x200.jpg"},{"@type":"BreadcrumbList","@id":"https:\/\/inconexus.com\/es\/#breadcrumb","itemListElement":[{"@type":"ListItem","position":1,"name":"Home","item":"https:\/\/inconexus.com\/es\/"},{"@type":"ListItem","position":2,"name":"Home"}]},{"@type":"WebSite","@id":"https:\/\/inconexus.com\/#website","url":"https:\/\/inconexus.com\/","name":"Inconexus","description":"Best source of colombian fine coffee","publisher":{"@id":"https:\/\/inconexus.com\/#organization"},"potentialAction":[{"@type":"SearchAction","target":{"@type":"EntryPoint","urlTemplate":"https:\/\/inconexus.com\/?s={search_term_string}"},"query-input":{"@type":"PropertyValueSpecification","valueRequired":true,"valueName":"search_term_string"}}],"inLanguage":"es"},{"@type":"Organization","@id":"https:\/\/inconexus.com\/#organization","name":"Inconexus","url":"https:\/\/inconexus.com\/","logo":{"@type":"ImageObject","inLanguage":"es","@id":"https:\/\/inconexus.com\/#\/schema\/logo\/image\/","url":"https:\/\/inconexus.com\/wp-content\/uploads\/2016\/05\/Logo_Inconexus.png","contentUrl":"https:\/\/inconexus.com\/wp-content\/uploads\/2016\/05\/Logo_Inconexus.png","width":485,"height":485,"caption":"Inconexus"},"image":{"@id":"https:\/\/inconexus.com\/#\/schema\/logo\/image\/"}}]}},"_links":{"self":[{"href":"https:\/\/inconexus.com\/es\/wp-json\/wp\/v2\/pages\/376","targetHints":{"allow":["GET"]}}],"collection":[{"href":"https:\/\/inconexus.com\/es\/wp-json\/wp\/v2\/pages"}],"about":[{"href":"https:\/\/inconexus.com\/es\/wp-json\/wp\/v2\/types\/page"}],"author":[{"embeddable":true,"href":"https:\/\/inconexus.com\/es\/wp-json\/wp\/v2\/users\/4"}],"replies":[{"embeddable":true,"href":"https:\/\/inconexus.com\/es\/wp-json\/wp\/v2\/comments?post=376"}],"version-history":[{"count":5,"href":"https:\/\/inconexus.com\/es\/wp-json\/wp\/v2\/pages\/376\/revisions"}],"predecessor-version":[{"id":982,"href":"https:\/\/inconexus.com\/es\/wp-json\/wp\/v2\/pages\/376\/revisions\/982"}],"wp:attachment":[{"href":"https:\/\/inconexus.com\/es\/wp-json\/wp\/v2\/media?parent=376"}],"curies":[{"name":"wp","href":"https:\/\/api.w.org\/{rel}","templated":true}]}}