{"id":378,"date":"2016-06-20T16:03:17","date_gmt":"2016-06-20T16:03:17","guid":{"rendered":"http:\/\/inconexus.com\/about-us\/"},"modified":"2020-02-25T00:04:38","modified_gmt":"2020-02-25T00:04:38","slug":"about-us","status":"publish","type":"page","link":"https:\/\/inconexus.com\/es\/about-us\/","title":{"rendered":"Sobre Nosotros"},"content":{"rendered":"<div class=\"wpb-content-wrapper\"><p>[vc_row type=\u00bbvc_default\u00bb full_width_row=\u00bbtrue\u00bb bg_type=\u00bbimage\u00bb parallax_style=\u00bbvcpb-default\u00bb bg_image_new=\u00bbid^158|url^http:\/\/inconexus.com\/wp-content\/uploads\/2016\/06\/fondo-valor-compartido-inconexus.jpg|caption^null|alt^null|title^fondo-valor-compartido-inconexus|description^null\u00bb bg_image_size=\u00bbinitial\u00bb bg_override=\u00bbfull\u00bb css=\u00bb.vc_custom_1469072384018{margin-top: -50px !important;margin-bottom: -50px !important;border-top-width: 0px !important;border-bottom-width: 0px !important;padding-top: 0px !important;padding-bottom: 0px !important;}\u00bb][vc_column css=\u00bb.vc_custom_1468931541345{margin-bottom: 50px !important;}\u00bb][vc_column_text css=\u00bb.vc_custom_1489513185967{margin-top: 40px !important;margin-bottom: 0px !important;border-bottom-width: 0px !important;padding-bottom: 0px !important;}\u00bb]<\/p>\n<h1 style=\"text-align: center;\">NUESTRO MODELO DE COMPRA<\/h1>\n<p>[\/vc_column_text][rev_slider_vc alias=\u00bbour-purchase-model-es\u00bb][\/vc_column][\/vc_row][vc_row type=\u00bbvc_default\u00bb disable_element=\u00bbyes\u00bb full_width_row=\u00bbtrue\u00bb css=\u00bb.vc_custom_1582565529821{padding-top: 20px !important;}\u00bb][vc_column][vc_custom_heading text=\u00bbCERCA DE 15 A\u00d1OS\u00bb font_container=\u00bbtag:h1|text_align:center|color:%23ffffff\u00bb use_theme_fonts=\u00bbyes\u00bb css=\u00bb.vc_custom_1488996756216{margin-top: 15px !important;margin-bottom: 20px !important;}\u00bb][rev_slider_vc alias=\u00bbover-15-years-es\u00bb][\/vc_column][\/vc_row][vc_row type=\u00bbvc_default\u00bb full_width_row=\u00bbtrue\u00bb][vc_column][vc_custom_heading text=\u00bbBIENVENIDO A LA FAMILIA\u00bb font_container=\u00bbtag:h1|text_align:center|color:%23000000&#8243; use_theme_fonts=\u00bbyes\u00bb css=\u00bb.vc_custom_1488996794246{margin-top: 35px !important;margin-bottom: 20px !important;}\u00bb][vc_row_inner][vc_column_inner width=\u00bb1\/3&#8243;][vc_column_text]Cada uno de los miembros de la familia InConexus es apasionado por el caf\u00e9 Colombiano y sus recursos. Nos encontramos distribuidos alrededor de todo el pa\u00eds y a continuaci\u00f3n mostramos un poco de nuestros lugares de trabajo y miembros.<\/p>\n<p>Creemos que cada persona es muy importante en la compa\u00f1\u00eda y de esta manera trabajamos todos juntos para seguir siendo la mejor fuente de caf\u00e9 especial Colombiano.<\/p>\n<p>Si quieres ser parte de nuestro equipo, cont\u00e1ctanos por medio de los siguientes enlaces.[\/vc_column_text][\/vc_column_inner][vc_column_inner width=\u00bb2\/3&#8243;][vc_masonry_media_grid initial_loading_animation=\u00bbnone\u00bb grid_id=\u00bbvc_gid:1582588884222-4b853bef-1fdb-1&#8243; include=\u00bb729,731,733,735,737&#8243;][\/vc_column_inner][\/vc_row_inner][\/vc_column][\/vc_row][vc_row full_height=\u00bbyes\u00bb margin_bottom=\u00bb-50px\u00bb full_width_row=\u00bbtrue\u00bb css=\u00bb.vc_custom_1469100373039{margin-top: 0px !important;margin-right: 0px !important;margin-bottom: 0px !important;margin-left: 0px !important;border-top-width: 0px !important;border-right-width: 0px !important;border-bottom-width: 0px !important;border-left-width: 0px !important;padding-top: 0px !important;padding-right: 0px !important;padding-bottom: 0px !important;padding-left: 0px !important;}\u00bb][vc_column width=\u00bb1\/2&#8243;][vc_row_inner css=\u00bb.vc_custom_1474029860448{background-image: url(http:\/\/inconexus.com\/wp-content\/uploads\/2016\/06\/fondo-trabaje-con-nosotros.jpg?id=217) !important;}\u00bb][vc_column_inner width=\u00bb1\/2&#8243; css=\u00bb.vc_custom_1469100633478{padding-top: 50px !important;padding-right: 50px !important;padding-bottom: 50px !important;padding-left: 50px !important;}\u00bb][vc_custom_heading text=\u00bbTRABAJA<br \/>\nCON<br \/>\nNOSOTROS\u00bb font_container=\u00bbtag:h1|text_align:left|color:%23ffffff\u00bb use_theme_fonts=\u00bbyes\u00bb css=\u00bb.vc_custom_1488996999173{margin-top: 150px !important;}\u00bb]<div id=\"modal-trg-txt-wrap-2964\" class=\"ult-modal-input-wrapper ult-adjust-bottom-margin   vc_custom_1488999081675  \" data-keypress-control=\"keypress-control-enable\" data-overlay-control=\"overlay-control-enable\"><button  data-ultimate-target='#modal-trg-txt-wrap-2964 .btn-modal'  data-responsive-json-new='{\"font-size\":\"\",\"line-height\":\"\"}'  style=\"background:#333333;border-color:#333333;color:#ffffff; \" data-class-id=\"content-69dffe3a5189c2-73490335\" class=\"btn-modal ult-responsive btn-primary btn-modal-block overlay-show ult-align-center btn-id-69dffe3a5189c2-73490335\" data-overlay-class=\"overlay-cornerbottomleft\">HAZ CLICK AQU\u00cd<\/button><\/div>\n<div class=\"ult-overlay content-69dffe3a5189c2-73490335 \" data-class=\"content-69dffe3a5189c2-73490335\" id=\"button-click-overlay\" style=\"background:rgba(51,51,51,0.8); display:none;\">\n\t<div class=\"ult_modal ult-fade ult-small\">\n\t\t<div id=\"ult-modal-wrap-6707\" class=\"ult_modal-content ult-hide\" style=\"border-style:solid;border-width:2px;border-radius:0px;border-color:#333333;\">\n\t\t\t<div class=\"ult_modal-header\" style=\"color:#333333;border-color:#333333;\">\n\t\t\t\t<div class=\"modal-icon\"><i class=\"Defaults-coffee\"><\/i><\/div><h3  data-ultimate-target='#ult-modal-wrap-6707 .ult_modal-title'  data-responsive-json-new='{\"font-size\":\"\",\"line-height\":\"\"}'  class=\"ult_modal-title ult-responsive\">TRABAJA CON NOSOTROS<\/h3>\n\t\t\t<\/div>\n\t\t\t<div  data-ultimate-target='#ult-modal-wrap-6707 .ult_modal-body'  data-responsive-json-new='{\"font-size\":\"\",\"line-height\":\"\"}'  class=\"ult_modal-body ult-responsive ult-html\" style=\"\">\n\t\t\t\n<div class=\"wpcf7 no-js\" id=\"wpcf7-f361-o1\" lang=\"es-ES\" dir=\"ltr\" data-wpcf7-id=\"361\">\n<div class=\"screen-reader-response\"><p role=\"status\" aria-live=\"polite\" aria-atomic=\"true\"><\/p> <ul><\/ul><\/div>\n<form action=\"\/es\/wp-json\/wp\/v2\/pages\/378#wpcf7-f361-o1\" method=\"post\" class=\"wpcf7-form init\" aria-label=\"Formulario de contacto\" novalidate=\"novalidate\" data-status=\"init\">\n<fieldset class=\"hidden-fields-container\"><input type=\"hidden\" name=\"_wpcf7\" value=\"361\" \/><input type=\"hidden\" name=\"_wpcf7_version\" value=\"6.1\" \/><input type=\"hidden\" name=\"_wpcf7_locale\" value=\"es_ES\" \/><input type=\"hidden\" name=\"_wpcf7_unit_tag\" value=\"wpcf7-f361-o1\" \/><input type=\"hidden\" name=\"_wpcf7_container_post\" value=\"0\" \/><input type=\"hidden\" name=\"_wpcf7_posted_data_hash\" value=\"\" \/><input type=\"hidden\" name=\"_wpcf7_recaptcha_response\" value=\"\" \/>\n<\/fieldset>\n<p>Your Name (required)<br \/>\n<span class=\"wpcf7-form-control-wrap\" data-name=\"your-name\"><input size=\"40\" maxlength=\"400\" class=\"wpcf7-form-control wpcf7-text wpcf7-validates-as-required\" aria-required=\"true\" aria-invalid=\"false\" value=\"\" type=\"text\" name=\"your-name\" \/><\/span>\n<\/p>\n<p>Your Email (required)<br \/>\n<span class=\"wpcf7-form-control-wrap\" data-name=\"your-email\"><input size=\"40\" maxlength=\"400\" class=\"wpcf7-form-control wpcf7-email wpcf7-validates-as-required wpcf7-text wpcf7-validates-as-email\" aria-required=\"true\" aria-invalid=\"false\" value=\"\" type=\"email\" name=\"your-email\" \/><\/span>\n<\/p>\n<p>Your Message<br \/>\n<span class=\"wpcf7-form-control-wrap\" data-name=\"your-message\"><textarea cols=\"40\" rows=\"10\" maxlength=\"2000\" class=\"wpcf7-form-control wpcf7-textarea\" aria-invalid=\"false\" name=\"your-message\"><\/textarea><\/span>\n<\/p>\n<p><input class=\"wpcf7-form-control wpcf7-submit has-spinner\" type=\"submit\" value=\"Send\" \/>\n<\/p><div class=\"wpcf7-response-output\" aria-hidden=\"true\"><\/div>\n<\/form>\n<\/div>\n\n\t\t\t<\/div>\n\t<\/div>\n\t<\/div>\n\t<div class=\"ult-overlay-close top-right\" style=\" \"><div class=\"ult-overlay-close-inside\">Close<\/div><\/div>\n<\/div>[\/vc_column_inner][vc_column_inner width=\u00bb1\/2&#8243;][\/vc_column_inner][\/vc_row_inner][\/vc_column][vc_column width=\u00bb1\/2&#8243;][vc_row_inner css=\u00bb.vc_custom_1474029965965{background-image: url(http:\/\/inconexus.com\/wp-content\/uploads\/2016\/06\/fondo-asociese-a-nuestros-programas.jpg?id=218) !important;}\u00bb][vc_column_inner width=\u00bb1\/2&#8243; css=\u00bb.vc_custom_1469100297446{padding-top: 50px !important;padding-right: 50px !important;padding-bottom: 50px !important;padding-left: 50px !important;}\u00bb][vc_custom_heading text=\u00bb\u00daNETE A<br \/>\nNUESTROS<br \/>\nPROGRAMAS\u00bb font_container=\u00bbtag:h1|text_align:left|color:%23ffffff\u00bb use_theme_fonts=\u00bbyes\u00bb css=\u00bb.vc_custom_1488997031313{margin-top: 150px !important;}\u00bb]<div id=\"modal-trg-txt-wrap-3814\" class=\"ult-modal-input-wrapper ult-adjust-bottom-margin   vc_custom_1488999194657  \" data-keypress-control=\"keypress-control-enable\" data-overlay-control=\"overlay-control-enable\"><button  data-ultimate-target='#modal-trg-txt-wrap-3814 .btn-modal'  data-responsive-json-new='{\"font-size\":\"\",\"line-height\":\"\"}'  style=\"background:#333333;border-color:#333333;color:#ffffff; \" data-class-id=\"content-69dffe3a5314a2-81663082\" class=\"btn-modal ult-responsive btn-primary btn-modal-block overlay-show ult-align-center btn-id-69dffe3a5314a2-81663082\" data-overlay-class=\"overlay-cornerbottomleft\">HAZ CLICK AQU\u00cd<\/button><\/div>\n<div class=\"ult-overlay content-69dffe3a5314a2-81663082 \" data-class=\"content-69dffe3a5314a2-81663082\" id=\"button-click-overlay\" style=\"background:rgba(51,51,51,0.8); display:none;\">\n\t<div class=\"ult_modal ult-fade ult-small\">\n\t\t<div id=\"ult-modal-wrap-194\" class=\"ult_modal-content ult-hide\" style=\"border-style:solid;border-width:2px;border-radius:0px;border-color:#333333;\">\n\t\t\t<div class=\"ult_modal-header\" style=\"color:#333333;border-color:#333333;\">\n\t\t\t\t<div class=\"modal-icon\"><i class=\"Defaults-coffee\"><\/i><\/div><h3  data-ultimate-target='#ult-modal-wrap-194 .ult_modal-title'  data-responsive-json-new='{\"font-size\":\"\",\"line-height\":\"\"}'  class=\"ult_modal-title ult-responsive\">\u00daNETE A NUESTROS PROGRAMAS<\/h3>\n\t\t\t<\/div>\n\t\t\t<div  data-ultimate-target='#ult-modal-wrap-194 .ult_modal-body'  data-responsive-json-new='{\"font-size\":\"\",\"line-height\":\"\"}'  class=\"ult_modal-body ult-responsive ult-html\" style=\"\">\n\t\t\t\n<div class=\"wpcf7 no-js\" id=\"wpcf7-f361-o2\" lang=\"es-ES\" dir=\"ltr\" data-wpcf7-id=\"361\">\n<div class=\"screen-reader-response\"><p role=\"status\" aria-live=\"polite\" aria-atomic=\"true\"><\/p> <ul><\/ul><\/div>\n<form action=\"\/es\/wp-json\/wp\/v2\/pages\/378#wpcf7-f361-o2\" method=\"post\" class=\"wpcf7-form init\" aria-label=\"Formulario de contacto\" novalidate=\"novalidate\" data-status=\"init\">\n<fieldset class=\"hidden-fields-container\"><input type=\"hidden\" name=\"_wpcf7\" value=\"361\" \/><input type=\"hidden\" name=\"_wpcf7_version\" value=\"6.1\" \/><input type=\"hidden\" name=\"_wpcf7_locale\" value=\"es_ES\" \/><input type=\"hidden\" name=\"_wpcf7_unit_tag\" value=\"wpcf7-f361-o2\" \/><input type=\"hidden\" name=\"_wpcf7_container_post\" value=\"0\" \/><input type=\"hidden\" name=\"_wpcf7_posted_data_hash\" value=\"\" \/><input type=\"hidden\" name=\"_wpcf7_recaptcha_response\" value=\"\" \/>\n<\/fieldset>\n<p>Your Name (required)<br \/>\n<span class=\"wpcf7-form-control-wrap\" data-name=\"your-name\"><input size=\"40\" maxlength=\"400\" class=\"wpcf7-form-control wpcf7-text wpcf7-validates-as-required\" aria-required=\"true\" aria-invalid=\"false\" value=\"\" type=\"text\" name=\"your-name\" \/><\/span>\n<\/p>\n<p>Your Email (required)<br \/>\n<span class=\"wpcf7-form-control-wrap\" data-name=\"your-email\"><input size=\"40\" maxlength=\"400\" class=\"wpcf7-form-control wpcf7-email wpcf7-validates-as-required wpcf7-text wpcf7-validates-as-email\" aria-required=\"true\" aria-invalid=\"false\" value=\"\" type=\"email\" name=\"your-email\" \/><\/span>\n<\/p>\n<p>Your Message<br \/>\n<span class=\"wpcf7-form-control-wrap\" data-name=\"your-message\"><textarea cols=\"40\" rows=\"10\" maxlength=\"2000\" class=\"wpcf7-form-control wpcf7-textarea\" aria-invalid=\"false\" name=\"your-message\"><\/textarea><\/span>\n<\/p>\n<p><input class=\"wpcf7-form-control wpcf7-submit has-spinner\" type=\"submit\" value=\"Send\" \/>\n<\/p><div class=\"wpcf7-response-output\" aria-hidden=\"true\"><\/div>\n<\/form>\n<\/div>\n\n\t\t\t<\/div>\n\t<\/div>\n\t<\/div>\n\t<div class=\"ult-overlay-close top-right\" style=\" \"><div class=\"ult-overlay-close-inside\">Close<\/div><\/div>\n<\/div>[\/vc_column_inner][vc_column_inner width=\u00bb1\/2&#8243;][\/vc_column_inner][\/vc_row_inner][\/vc_column][\/vc_row]<\/p>\n<\/div>","protected":false},"excerpt":{"rendered":"<p>[vc_row type=\u00bbvc_default\u00bb full_width_row=\u00bbtrue\u00bb bg_type=\u00bbimage\u00bb parallax_style=\u00bbvcpb-default\u00bb bg_image_new=\u00bbid^158|url^http:\/\/inconexus.com\/wp-content\/uploads\/2016\/06\/fondo-valor-compartido-inconexus.jpg|caption^null|alt^null|title^fondo-valor-compartido-inconexus|description^null\u00bb bg_image_size=\u00bbinitial\u00bb bg_override=\u00bbfull\u00bb css=\u00bb.vc_custom_1469072384018{margin-top: -50px !important;margin-bottom: -50px !important;border-top-width: 0px !important;border-bottom-width: 0px !important;padding-top: 0px !important;padding-bottom: 0px !important;}\u00bb][vc_column css=\u00bb.vc_custom_1468931541345{margin-bottom: 50px !important;}\u00bb][vc_column_text css=\u00bb.vc_custom_1489513185967{margin-top: 40px !important;margin-bottom: 0px !important;border-bottom-width: 0px&hellip;<\/p>\n","protected":false},"author":4,"featured_media":0,"parent":0,"menu_order":0,"comment_status":"closed","ping_status":"closed","template":"","meta":{"footnotes":""},"class_list":["post-378","page","type-page","status-publish","hentry","description-off"],"yoast_head":"<!-- This site is optimized with the Yoast SEO plugin v25.6 - https:\/\/yoast.com\/wordpress\/plugins\/seo\/ -->\n<title>Sobre Nosotros - Inconexus<\/title>\n<meta name=\"robots\" content=\"index, follow, max-snippet:-1, max-image-preview:large, max-video-preview:-1\" \/>\n<link rel=\"canonical\" href=\"https:\/\/inconexus.com\/about-us\/\" \/>\n<meta property=\"og:locale\" content=\"es_ES\" \/>\n<meta property=\"og:type\" content=\"article\" \/>\n<meta property=\"og:title\" content=\"Sobre Nosotros - Inconexus\" \/>\n<meta property=\"og:description\" content=\"[vc_row type=\u00bbvc_default\u00bb full_width_row=\u00bbtrue\u00bb bg_type=\u00bbimage\u00bb parallax_style=\u00bbvcpb-default\u00bb bg_image_new=\u00bbid^158|url^http:\/\/inconexus.com\/wp-content\/uploads\/2016\/06\/fondo-valor-compartido-inconexus.jpg|caption^null|alt^null|title^fondo-valor-compartido-inconexus|description^null\u00bb bg_image_size=\u00bbinitial\u00bb bg_override=\u00bbfull\u00bb css=\u00bb.vc_custom_1469072384018{margin-top: -50px !important;margin-bottom: -50px !important;border-top-width: 0px !important;border-bottom-width: 0px !important;padding-top: 0px !important;padding-bottom: 0px !important;}\u00bb][vc_column css=\u00bb.vc_custom_1468931541345{margin-bottom: 50px !important;}\u00bb][vc_column_text css=\u00bb.vc_custom_1489513185967{margin-top: 40px !important;margin-bottom: 0px !important;border-bottom-width: 0px&hellip;\" \/>\n<meta property=\"og:url\" content=\"https:\/\/inconexus.com\/about-us\/\" \/>\n<meta property=\"og:site_name\" content=\"Inconexus\" \/>\n<meta property=\"article:modified_time\" content=\"2020-02-25T00:04:38+00:00\" \/>\n<meta name=\"twitter:card\" content=\"summary_large_image\" \/>\n<meta name=\"twitter:label1\" content=\"Tiempo de lectura\" \/>\n\t<meta name=\"twitter:data1\" content=\"2 minutos\" \/>\n<script type=\"application\/ld+json\" class=\"yoast-schema-graph\">{\"@context\":\"https:\/\/schema.org\",\"@graph\":[{\"@type\":\"WebPage\",\"@id\":\"https:\/\/inconexus.com\/about-us\/\",\"url\":\"https:\/\/inconexus.com\/about-us\/\",\"name\":\"Sobre Nosotros - Inconexus\",\"isPartOf\":{\"@id\":\"https:\/\/inconexus.com\/#website\"},\"datePublished\":\"2016-06-20T16:03:17+00:00\",\"dateModified\":\"2020-02-25T00:04:38+00:00\",\"breadcrumb\":{\"@id\":\"https:\/\/inconexus.com\/about-us\/#breadcrumb\"},\"inLanguage\":\"es\",\"potentialAction\":[{\"@type\":\"ReadAction\",\"target\":[\"https:\/\/inconexus.com\/about-us\/\"]}]},{\"@type\":\"BreadcrumbList\",\"@id\":\"https:\/\/inconexus.com\/about-us\/#breadcrumb\",\"itemListElement\":[{\"@type\":\"ListItem\",\"position\":1,\"name\":\"Home\",\"item\":\"https:\/\/inconexus.com\/es\/\"},{\"@type\":\"ListItem\",\"position\":2,\"name\":\"Sobre Nosotros\"}]},{\"@type\":\"WebSite\",\"@id\":\"https:\/\/inconexus.com\/#website\",\"url\":\"https:\/\/inconexus.com\/\",\"name\":\"Inconexus\",\"description\":\"Best source of colombian fine coffee\",\"publisher\":{\"@id\":\"https:\/\/inconexus.com\/#organization\"},\"potentialAction\":[{\"@type\":\"SearchAction\",\"target\":{\"@type\":\"EntryPoint\",\"urlTemplate\":\"https:\/\/inconexus.com\/?s={search_term_string}\"},\"query-input\":{\"@type\":\"PropertyValueSpecification\",\"valueRequired\":true,\"valueName\":\"search_term_string\"}}],\"inLanguage\":\"es\"},{\"@type\":\"Organization\",\"@id\":\"https:\/\/inconexus.com\/#organization\",\"name\":\"Inconexus\",\"url\":\"https:\/\/inconexus.com\/\",\"logo\":{\"@type\":\"ImageObject\",\"inLanguage\":\"es\",\"@id\":\"https:\/\/inconexus.com\/#\/schema\/logo\/image\/\",\"url\":\"https:\/\/inconexus.com\/wp-content\/uploads\/2016\/05\/Logo_Inconexus.png\",\"contentUrl\":\"https:\/\/inconexus.com\/wp-content\/uploads\/2016\/05\/Logo_Inconexus.png\",\"width\":485,\"height\":485,\"caption\":\"Inconexus\"},\"image\":{\"@id\":\"https:\/\/inconexus.com\/#\/schema\/logo\/image\/\"}}]}<\/script>\n<!-- \/ Yoast SEO plugin. -->","yoast_head_json":{"title":"Sobre Nosotros - Inconexus","robots":{"index":"index","follow":"follow","max-snippet":"max-snippet:-1","max-image-preview":"max-image-preview:large","max-video-preview":"max-video-preview:-1"},"canonical":"https:\/\/inconexus.com\/about-us\/","og_locale":"es_ES","og_type":"article","og_title":"Sobre Nosotros - Inconexus","og_description":"[vc_row type=\u00bbvc_default\u00bb full_width_row=\u00bbtrue\u00bb bg_type=\u00bbimage\u00bb parallax_style=\u00bbvcpb-default\u00bb bg_image_new=\u00bbid^158|url^http:\/\/inconexus.com\/wp-content\/uploads\/2016\/06\/fondo-valor-compartido-inconexus.jpg|caption^null|alt^null|title^fondo-valor-compartido-inconexus|description^null\u00bb bg_image_size=\u00bbinitial\u00bb bg_override=\u00bbfull\u00bb css=\u00bb.vc_custom_1469072384018{margin-top: -50px !important;margin-bottom: -50px !important;border-top-width: 0px !important;border-bottom-width: 0px !important;padding-top: 0px !important;padding-bottom: 0px !important;}\u00bb][vc_column css=\u00bb.vc_custom_1468931541345{margin-bottom: 50px !important;}\u00bb][vc_column_text css=\u00bb.vc_custom_1489513185967{margin-top: 40px !important;margin-bottom: 0px !important;border-bottom-width: 0px&hellip;","og_url":"https:\/\/inconexus.com\/about-us\/","og_site_name":"Inconexus","article_modified_time":"2020-02-25T00:04:38+00:00","twitter_card":"summary_large_image","twitter_misc":{"Tiempo de lectura":"2 minutos"},"schema":{"@context":"https:\/\/schema.org","@graph":[{"@type":"WebPage","@id":"https:\/\/inconexus.com\/about-us\/","url":"https:\/\/inconexus.com\/about-us\/","name":"Sobre Nosotros - Inconexus","isPartOf":{"@id":"https:\/\/inconexus.com\/#website"},"datePublished":"2016-06-20T16:03:17+00:00","dateModified":"2020-02-25T00:04:38+00:00","breadcrumb":{"@id":"https:\/\/inconexus.com\/about-us\/#breadcrumb"},"inLanguage":"es","potentialAction":[{"@type":"ReadAction","target":["https:\/\/inconexus.com\/about-us\/"]}]},{"@type":"BreadcrumbList","@id":"https:\/\/inconexus.com\/about-us\/#breadcrumb","itemListElement":[{"@type":"ListItem","position":1,"name":"Home","item":"https:\/\/inconexus.com\/es\/"},{"@type":"ListItem","position":2,"name":"Sobre Nosotros"}]},{"@type":"WebSite","@id":"https:\/\/inconexus.com\/#website","url":"https:\/\/inconexus.com\/","name":"Inconexus","description":"Best source of colombian fine coffee","publisher":{"@id":"https:\/\/inconexus.com\/#organization"},"potentialAction":[{"@type":"SearchAction","target":{"@type":"EntryPoint","urlTemplate":"https:\/\/inconexus.com\/?s={search_term_string}"},"query-input":{"@type":"PropertyValueSpecification","valueRequired":true,"valueName":"search_term_string"}}],"inLanguage":"es"},{"@type":"Organization","@id":"https:\/\/inconexus.com\/#organization","name":"Inconexus","url":"https:\/\/inconexus.com\/","logo":{"@type":"ImageObject","inLanguage":"es","@id":"https:\/\/inconexus.com\/#\/schema\/logo\/image\/","url":"https:\/\/inconexus.com\/wp-content\/uploads\/2016\/05\/Logo_Inconexus.png","contentUrl":"https:\/\/inconexus.com\/wp-content\/uploads\/2016\/05\/Logo_Inconexus.png","width":485,"height":485,"caption":"Inconexus"},"image":{"@id":"https:\/\/inconexus.com\/#\/schema\/logo\/image\/"}}]}},"_links":{"self":[{"href":"https:\/\/inconexus.com\/es\/wp-json\/wp\/v2\/pages\/378","targetHints":{"allow":["GET"]}}],"collection":[{"href":"https:\/\/inconexus.com\/es\/wp-json\/wp\/v2\/pages"}],"about":[{"href":"https:\/\/inconexus.com\/es\/wp-json\/wp\/v2\/types\/page"}],"author":[{"embeddable":true,"href":"https:\/\/inconexus.com\/es\/wp-json\/wp\/v2\/users\/4"}],"replies":[{"embeddable":true,"href":"https:\/\/inconexus.com\/es\/wp-json\/wp\/v2\/comments?post=378"}],"version-history":[{"count":5,"href":"https:\/\/inconexus.com\/es\/wp-json\/wp\/v2\/pages\/378\/revisions"}],"predecessor-version":[{"id":406,"href":"https:\/\/inconexus.com\/es\/wp-json\/wp\/v2\/pages\/378\/revisions\/406"}],"wp:attachment":[{"href":"https:\/\/inconexus.com\/es\/wp-json\/wp\/v2\/media?parent=378"}],"curies":[{"name":"wp","href":"https:\/\/api.w.org\/{rel}","templated":true}]}}