{"id":383,"date":"2016-06-20T16:04:33","date_gmt":"2016-06-20T16:04:33","guid":{"rendered":"http:\/\/inconexus.com\/shared-value\/"},"modified":"2020-02-24T17:56:16","modified_gmt":"2020-02-24T17:56:16","slug":"shared-value","status":"publish","type":"page","link":"https:\/\/inconexus.com\/es\/shared-value\/","title":{"rendered":"Valor compartido"},"content":{"rendered":"<div class=\"wpb-content-wrapper\"><p>[vc_row][vc_column width=\u00bb1\/3&#8243;][vc_column_text]InConexus est\u00e1 siempre trabajando en generar valor significativo y medible junto con las comunidades que son afines con el negocio. Esto es a lo que llamamos Valor Compartido el cual es tambi\u00e9n la esencia de la empresa.<\/p>\n<p>Para nosotros, a\u00f1adir valor solamente a los productos o procesos realmente no es suficiente. Es por esto que estamos desarrollando constantemente proyectos que pueden ser de valor para todos los actores involucrados en la cadena de producci\u00f3n.[\/vc_column_text][\/vc_column][vc_column width=\u00bb2\/3&#8243;][vc_column_text]Creemos que cada comunidad tiene el potencial y la habilidad de mejorar continuamente sus productos y procesos con el fin de mejorar no solo su productividad, sino tambi\u00e9n algo a\u00fan m\u00e1s importante: su calidad de vida. InConexus se enfoca en ayudar a aquellas comunidades a descubrir su potencial y trabaja por ello con ayuda de distintas herramientas, ya sea acompa\u00f1amiento t\u00e9cnico, empoderamiento, proyectos sostenibles, entre otros. Siempre teniendo en mente el objetivo de crear y mantener una sinergia entre las distintas comunidades.[\/vc_column_text][vc_row_inner disable_element=\u00bbyes\u00bb][vc_column_inner][vc_column_text]<\/p>\n<h2 style=\"text-align: center;\"><strong>DESTACADO<\/strong><\/h2>\n<p>[\/vc_column_text][vc_basic_grid post_type=\u00bbpost\u00bb max_items=\u00bb10&#8243; style=\u00bbload-more\u00bb show_filter=\u00bbyes\u00bb element_width=\u00bb3&#8243; item=\u00bbbasicGrid_ScaleInWithRotation\u00bb btn_style=\u00bbmodern\u00bb btn_color=\u00bbprimary\u00bb btn_smooth_scroll=\u00bbtrue\u00bb grid_id=\u00bbvc_gid:1582566937755-1d09f8c1-8d84-0&#8243; filter_source=\u00bbcategory\u00bb][\/vc_column_inner][\/vc_row_inner][\/vc_column][\/vc_row][vc_row][vc_column][vc_column_text]<\/p>\n<h2 style=\"text-align: center;\"><strong>NUESTROS PROGRAMAS<\/strong><\/h2>\n<p>[\/vc_column_text][\/vc_column][\/vc_row][vc_row][vc_column][vc_row_inner][vc_column_inner width=\u00bb1\/3&#8243;][vc_single_image image=\u00bb580&#8243; img_size=\u00bbfull\u00bb alignment=\u00bbcenter\u00bb style=\u00bbvc_box_shadow_3d\u00bb image_hovers=\u00bbfalse\u00bb][\/vc_column_inner][vc_column_inner width=\u00bb2\/3&#8243;][vc_column_text]Entre el 10 y el 14 de Enero de 2018, profesionales del caf\u00e9 a nivel internacional, de Tailandia a los Estados Unidos,\u00a0viajaron al sur del departamento del Huila, para hacer parte del concurso de caf\u00e9s especiales Mejor de Huila. M\u00e1s de 350 lotes fueron presentados para ser elegidos como el mejor de la regi\u00f3n. Los espectaculares aromas y sabores encontrados conquistaron todos los corazones.\u00a0 A trav\u00e9s de este, nuestra familia caficultores huilenses tuvieron la oportunidad de\u00a0mostrar al mundo toda la pasi\u00f3n que hay detr\u00e1s de sus cosechas y un poco m\u00e1s. Despu\u00e9s de visitas, comidas, m\u00fasica, danza y sobre todo cataciones se eligi\u00f3 al mejor caf\u00e9 de la regi\u00f3n, y con una subasta inolvidable los mejores caf\u00e9s fueron premiados y adquiridos.[\/vc_column_text][\/vc_column_inner][\/vc_row_inner][\/vc_column][\/vc_row][vc_row][vc_column width=\u00bb1\/2&#8243;][vc_row_inner][vc_column_inner width=\u00bb1\/3&#8243;][vc_single_image image=\u00bb209&#8243; img_size=\u00bbfull\u00bb alignment=\u00bbcenter\u00bb style=\u00bbvc_box_shadow_3d\u00bb image_hovers=\u00bbfalse\u00bb][\/vc_column_inner][vc_column_inner width=\u00bb2\/3&#8243;][vc_column_text]Un ejemplo de uno de estos proyectos es Women\u00b4s Power, el cual busca beneficiar cafeteras colombianas, sus comunidades y regiones de producci\u00f3n. Esto se realiza a trav\u00e9s talleres y actividades que enriquecen su conocimiento acerca de todos los procesos relacionados con el caf\u00e9, y al mismo tiempo tienen la posibilidad de mejorar sus habilidades personales como parte del compromiso con la igualdad de g\u00e9nero en Colombia.[\/vc_column_text][\/vc_column_inner][\/vc_row_inner][\/vc_column][vc_column width=\u00bb1\/2&#8243;][vc_row_inner][vc_column_inner width=\u00bb1\/3&#8243;][vc_single_image image=\u00bb291&#8243; img_size=\u00bbfull\u00bb alignment=\u00bbcenter\u00bb style=\u00bbvc_box_shadow_3d\u00bb image_hovers=\u00bbfalse\u00bb][\/vc_column_inner][vc_column_inner width=\u00bb2\/3&#8243;][vc_column_text]Mejor de Nari\u00f1o fue un concurso que se realiz\u00f3 del 24 al 28 de Agosto de 2016 en el hermoso departamento de Nari\u00f1o aqu\u00ed en Colombia. El objetivo principal de este evento fue el de dar a conocer al mundo el incre\u00edble caf\u00e9 que produce esta regi\u00f3n del pa\u00eds, as\u00ed como resaltar la pasi\u00f3n y el arduo trabajo de los caficultores. Contamos con la participaci\u00f3n de jurados internacionales de primera clase que evaluaron los caf\u00e9s, luego conocieron las mentes maestras de este y finalmente participaron en la subasta final adquiriendo sus caf\u00e9s favoritos.[\/vc_column_text][\/vc_column_inner][\/vc_row_inner][\/vc_column][\/vc_row][vc_row][vc_column width=\u00bb1\/2&#8243;][vc_row_inner][vc_column_inner width=\u00bb1\/3&#8243;][vc_column_text]<\/p>\n<h2 style=\"text-align: center;\"><strong>ESCUELA DE CATACI\u00d3N<\/strong><\/h2>\n<p>[\/vc_column_text][\/vc_column_inner][vc_column_inner width=\u00bb2\/3&#8243;][vc_column_text]En Mayo del 2016 realizamos una escuela de cataci\u00f3n en el Tolima, este programa tiene como objetivo principal entrenar a las nuevas generaciones de caficultores en el arte de catar. La idea central es promover un m\u00e1s profundo y amplio entendimiento del caf\u00e9 que se produce en cada una de las fincas que son parte de la comunidad InConexus. De esta manera se desarrolla una conciencia por parte de los cultivadores, acerca de la calidad del caf\u00e9 que se produce y por tanto se puede asegurar que el dinero pagado a cada uno de ellos es el justo.<\/p>\n<p>InConexus tiene el prop\u00f3sito de brindarle a los caficultores cada vez m\u00e1s y m\u00e1s herramientas para producir un mejor caf\u00e9, asegurando tambi\u00e9n unas condiciones justas para ellos. Esto es una forma tambi\u00e9n de que el mundo del caf\u00e9 y el amor por \u00e9l vaya creciendo generaci\u00f3n tras generaci\u00f3n.[\/vc_column_text][\/vc_column_inner][\/vc_row_inner][\/vc_column][vc_column width=\u00bb1\/2&#8243;][vc_row_inner][vc_column_inner width=\u00bb1\/3&#8243;][vc_single_image image=\u00bb283&#8243; img_size=\u00bbfull\u00bb alignment=\u00bbcenter\u00bb style=\u00bbvc_box_shadow_3d\u00bb image_hovers=\u00bbfalse\u00bb][\/vc_column_inner][vc_column_inner width=\u00bb2\/3&#8243;][vc_column_text]Peace and Sustainability es el nombre dado a un evento que se realiz\u00f3 en el 2016 en el departamento del Tolima. El objetivo principal era que los caficultores del sur del Tolima (una zona neur\u00e1lgica en donde InConexus ha estado contribuyendo con la sostenibilidad y el comercio justo), junto con clientes internacionales de los m\u00e1s importantes mercados de caf\u00e9 en el mundo, tuvieran un espacio en donde se generara conocimiento y conciencia acerca de la importancia que tiene cada uno para el otro.[\/vc_column_text][\/vc_column_inner][\/vc_row_inner][\/vc_column][\/vc_row]<\/p>\n<\/div>","protected":false},"excerpt":{"rendered":"<p>[vc_row][vc_column width=\u00bb1\/3&#8243;][vc_column_text]InConexus est\u00e1 siempre trabajando en generar valor significativo y medible junto con las comunidades que son afines con el negocio. Esto es a lo que llamamos Valor Compartido el&hellip;<\/p>\n","protected":false},"author":4,"featured_media":0,"parent":0,"menu_order":0,"comment_status":"closed","ping_status":"closed","template":"","meta":{"footnotes":""},"class_list":["post-383","page","type-page","status-publish","hentry","description-off"],"yoast_head":"<!-- This site is optimized with the Yoast SEO plugin v25.6 - https:\/\/yoast.com\/wordpress\/plugins\/seo\/ -->\n<title>Valor compartido - Inconexus<\/title>\n<meta name=\"robots\" content=\"index, follow, max-snippet:-1, max-image-preview:large, max-video-preview:-1\" \/>\n<link rel=\"canonical\" href=\"https:\/\/inconexus.com\/shared-value-women-power-peace-sustainability\/\" \/>\n<meta property=\"og:locale\" content=\"es_ES\" \/>\n<meta property=\"og:type\" content=\"article\" \/>\n<meta property=\"og:title\" content=\"Valor compartido - Inconexus\" \/>\n<meta property=\"og:description\" content=\"[vc_row][vc_column width=\u00bb1\/3&#8243;][vc_column_text]InConexus est\u00e1 siempre trabajando en generar valor significativo y medible junto con las comunidades que son afines con el negocio. Esto es a lo que llamamos Valor Compartido el&hellip;\" \/>\n<meta property=\"og:url\" content=\"https:\/\/inconexus.com\/shared-value-women-power-peace-sustainability\/\" \/>\n<meta property=\"og:site_name\" content=\"Inconexus\" \/>\n<meta property=\"article:modified_time\" content=\"2020-02-24T17:56:16+00:00\" \/>\n<meta name=\"twitter:card\" content=\"summary_large_image\" \/>\n<meta name=\"twitter:label1\" content=\"Tiempo de lectura\" \/>\n\t<meta name=\"twitter:data1\" content=\"5 minutos\" \/>\n<script type=\"application\/ld+json\" class=\"yoast-schema-graph\">{\"@context\":\"https:\/\/schema.org\",\"@graph\":[{\"@type\":\"WebPage\",\"@id\":\"https:\/\/inconexus.com\/shared-value-women-power-peace-sustainability\/\",\"url\":\"https:\/\/inconexus.com\/shared-value-women-power-peace-sustainability\/\",\"name\":\"Valor compartido - Inconexus\",\"isPartOf\":{\"@id\":\"https:\/\/inconexus.com\/#website\"},\"datePublished\":\"2016-06-20T16:04:33+00:00\",\"dateModified\":\"2020-02-24T17:56:16+00:00\",\"breadcrumb\":{\"@id\":\"https:\/\/inconexus.com\/shared-value-women-power-peace-sustainability\/#breadcrumb\"},\"inLanguage\":\"es\",\"potentialAction\":[{\"@type\":\"ReadAction\",\"target\":[\"https:\/\/inconexus.com\/shared-value-women-power-peace-sustainability\/\"]}]},{\"@type\":\"BreadcrumbList\",\"@id\":\"https:\/\/inconexus.com\/shared-value-women-power-peace-sustainability\/#breadcrumb\",\"itemListElement\":[{\"@type\":\"ListItem\",\"position\":1,\"name\":\"Home\",\"item\":\"https:\/\/inconexus.com\/es\/\"},{\"@type\":\"ListItem\",\"position\":2,\"name\":\"Valor compartido\"}]},{\"@type\":\"WebSite\",\"@id\":\"https:\/\/inconexus.com\/#website\",\"url\":\"https:\/\/inconexus.com\/\",\"name\":\"Inconexus\",\"description\":\"Best source of colombian fine coffee\",\"publisher\":{\"@id\":\"https:\/\/inconexus.com\/#organization\"},\"potentialAction\":[{\"@type\":\"SearchAction\",\"target\":{\"@type\":\"EntryPoint\",\"urlTemplate\":\"https:\/\/inconexus.com\/?s={search_term_string}\"},\"query-input\":{\"@type\":\"PropertyValueSpecification\",\"valueRequired\":true,\"valueName\":\"search_term_string\"}}],\"inLanguage\":\"es\"},{\"@type\":\"Organization\",\"@id\":\"https:\/\/inconexus.com\/#organization\",\"name\":\"Inconexus\",\"url\":\"https:\/\/inconexus.com\/\",\"logo\":{\"@type\":\"ImageObject\",\"inLanguage\":\"es\",\"@id\":\"https:\/\/inconexus.com\/#\/schema\/logo\/image\/\",\"url\":\"https:\/\/inconexus.com\/wp-content\/uploads\/2016\/05\/Logo_Inconexus.png\",\"contentUrl\":\"https:\/\/inconexus.com\/wp-content\/uploads\/2016\/05\/Logo_Inconexus.png\",\"width\":485,\"height\":485,\"caption\":\"Inconexus\"},\"image\":{\"@id\":\"https:\/\/inconexus.com\/#\/schema\/logo\/image\/\"}}]}<\/script>\n<!-- \/ Yoast SEO plugin. -->","yoast_head_json":{"title":"Valor compartido - Inconexus","robots":{"index":"index","follow":"follow","max-snippet":"max-snippet:-1","max-image-preview":"max-image-preview:large","max-video-preview":"max-video-preview:-1"},"canonical":"https:\/\/inconexus.com\/shared-value-women-power-peace-sustainability\/","og_locale":"es_ES","og_type":"article","og_title":"Valor compartido - Inconexus","og_description":"[vc_row][vc_column width=\u00bb1\/3&#8243;][vc_column_text]InConexus est\u00e1 siempre trabajando en generar valor significativo y medible junto con las comunidades que son afines con el negocio. Esto es a lo que llamamos Valor Compartido el&hellip;","og_url":"https:\/\/inconexus.com\/shared-value-women-power-peace-sustainability\/","og_site_name":"Inconexus","article_modified_time":"2020-02-24T17:56:16+00:00","twitter_card":"summary_large_image","twitter_misc":{"Tiempo de lectura":"5 minutos"},"schema":{"@context":"https:\/\/schema.org","@graph":[{"@type":"WebPage","@id":"https:\/\/inconexus.com\/shared-value-women-power-peace-sustainability\/","url":"https:\/\/inconexus.com\/shared-value-women-power-peace-sustainability\/","name":"Valor compartido - Inconexus","isPartOf":{"@id":"https:\/\/inconexus.com\/#website"},"datePublished":"2016-06-20T16:04:33+00:00","dateModified":"2020-02-24T17:56:16+00:00","breadcrumb":{"@id":"https:\/\/inconexus.com\/shared-value-women-power-peace-sustainability\/#breadcrumb"},"inLanguage":"es","potentialAction":[{"@type":"ReadAction","target":["https:\/\/inconexus.com\/shared-value-women-power-peace-sustainability\/"]}]},{"@type":"BreadcrumbList","@id":"https:\/\/inconexus.com\/shared-value-women-power-peace-sustainability\/#breadcrumb","itemListElement":[{"@type":"ListItem","position":1,"name":"Home","item":"https:\/\/inconexus.com\/es\/"},{"@type":"ListItem","position":2,"name":"Valor compartido"}]},{"@type":"WebSite","@id":"https:\/\/inconexus.com\/#website","url":"https:\/\/inconexus.com\/","name":"Inconexus","description":"Best source of colombian fine coffee","publisher":{"@id":"https:\/\/inconexus.com\/#organization"},"potentialAction":[{"@type":"SearchAction","target":{"@type":"EntryPoint","urlTemplate":"https:\/\/inconexus.com\/?s={search_term_string}"},"query-input":{"@type":"PropertyValueSpecification","valueRequired":true,"valueName":"search_term_string"}}],"inLanguage":"es"},{"@type":"Organization","@id":"https:\/\/inconexus.com\/#organization","name":"Inconexus","url":"https:\/\/inconexus.com\/","logo":{"@type":"ImageObject","inLanguage":"es","@id":"https:\/\/inconexus.com\/#\/schema\/logo\/image\/","url":"https:\/\/inconexus.com\/wp-content\/uploads\/2016\/05\/Logo_Inconexus.png","contentUrl":"https:\/\/inconexus.com\/wp-content\/uploads\/2016\/05\/Logo_Inconexus.png","width":485,"height":485,"caption":"Inconexus"},"image":{"@id":"https:\/\/inconexus.com\/#\/schema\/logo\/image\/"}}]}},"_links":{"self":[{"href":"https:\/\/inconexus.com\/es\/wp-json\/wp\/v2\/pages\/383","targetHints":{"allow":["GET"]}}],"collection":[{"href":"https:\/\/inconexus.com\/es\/wp-json\/wp\/v2\/pages"}],"about":[{"href":"https:\/\/inconexus.com\/es\/wp-json\/wp\/v2\/types\/page"}],"author":[{"embeddable":true,"href":"https:\/\/inconexus.com\/es\/wp-json\/wp\/v2\/users\/4"}],"replies":[{"embeddable":true,"href":"https:\/\/inconexus.com\/es\/wp-json\/wp\/v2\/comments?post=383"}],"version-history":[{"count":5,"href":"https:\/\/inconexus.com\/es\/wp-json\/wp\/v2\/pages\/383\/revisions"}],"predecessor-version":[{"id":716,"href":"https:\/\/inconexus.com\/es\/wp-json\/wp\/v2\/pages\/383\/revisions\/716"}],"wp:attachment":[{"href":"https:\/\/inconexus.com\/es\/wp-json\/wp\/v2\/media?parent=383"}],"curies":[{"name":"wp","href":"https:\/\/api.w.org\/{rel}","templated":true}]}}