{"id":384,"date":"2016-06-20T19:01:23","date_gmt":"2016-06-20T19:01:23","guid":{"rendered":"http:\/\/inconexus.com\/traceability\/"},"modified":"2017-03-16T01:24:18","modified_gmt":"2017-03-16T01:24:18","slug":"traceability","status":"publish","type":"page","link":"https:\/\/inconexus.com\/es\/traceability\/","title":{"rendered":"Trazabilidad"},"content":{"rendered":"<div class=\"wpb-content-wrapper\"><p>[vc_row margin_top=\u00bb50px\u00bb][vc_column][vc_custom_heading text=\u00bbTRAZABILIDAD\u00bb google_fonts=\u00bbfont_family:Arvo%3Aregular%2Citalic%2C700%2C700italic|font_style:400%20regular%3A400%3Anormal\u00bb][vc_column_text]<\/p>\n<p style=\"text-align: left;\">CONTAMOS CON UN SISTEMA DE CONTROL INTERNO QUE PERMITE GARANTIZAR SEGUIMIENTO DESDE EL PRIMER GRANO QUE ENTRA A LOS CENTROS DE ACOPIO HASTA EL \u00daLTIMO QUE SALE DE LAS TRILLADORAS. Y A SU VEZ EN TRILLADORAS CONTAMOS CON LA POSIBILIDAD DE HACER LAS PREPARACIONES PARA CADA UNA DE LOS HUBS ESTRAT\u00c9GICOS QUE SON LOS SIGUIENTES:<\/p>\n<p>[\/vc_column_text][\/vc_column][\/vc_row][vc_row type=\u00bbvc_default\u00bb content_placement=\u00bbmiddle\u00bb][vc_column width=\u00bb2\/3&#8243;][vc_single_image image=\u00bb368&#8243; img_size=\u00bbfull\u00bb alignment=\u00bbcenter\u00bb][\/vc_column][vc_column width=\u00bb1\/3&#8243;][vc_column_text]Soportamos el proceso realizando tambi\u00e9n todo lo relacionado con el an\u00e1lisis sensorial y f\u00edsico del caf\u00e9, se realiza retroalimentaci\u00f3n al productor del caf\u00e9 y se realiza un acompa\u00f1amiento y visita directamente en las fincas. Se realizan capacitaciones sin embargo, m\u00e1s que transferencia de conocimientos se busca construir un conocimiento com\u00fan entre toda la familia InConexus.[\/vc_column_text][\/vc_column][\/vc_row][vc_row][vc_column width=\u00bb1\/4&#8243;][vc_column_text]Todo esto nos permite adaptarnos cada vez m\u00e1s a lo que los clientes necesitan. Cada uno de los lotes se marca y se procesa de manera diferente, se prepara de acuerdo al mercado. El sistema de trazabilidad interna permite agregar valor a lo que el caficultor a le ha agregado valor, mostr\u00e1ndole a los diferentes mercados todo lo que hay detr\u00e1s de una taza de caf\u00e9 de la mejor calidad. Todo esto permite que por medio del comercio y por medio de calidad se pueda alcanzar sostenibilidad a trav\u00e9s de la cadena.[\/vc_column_text][\/vc_column][vc_column width=\u00bb3\/4&#8243;][vc_single_image image=\u00bb452&#8243; img_size=\u00bbfull\u00bb alignment=\u00bbcenter\u00bb][\/vc_column][\/vc_row]<\/p>\n<\/div>","protected":false},"excerpt":{"rendered":"<p>[vc_row margin_top=\u00bb50px\u00bb][vc_column][vc_custom_heading text=\u00bbTRAZABILIDAD\u00bb google_fonts=\u00bbfont_family:Arvo%3Aregular%2Citalic%2C700%2C700italic|font_style:400%20regular%3A400%3Anormal\u00bb][vc_column_text] CONTAMOS CON UN SISTEMA DE CONTROL INTERNO QUE PERMITE GARANTIZAR SEGUIMIENTO DESDE EL PRIMER GRANO QUE ENTRA A LOS CENTROS DE ACOPIO HASTA EL \u00daLTIMO QUE&hellip;<\/p>\n","protected":false},"author":4,"featured_media":0,"parent":0,"menu_order":0,"comment_status":"closed","ping_status":"closed","template":"","meta":{"footnotes":""},"class_list":["post-384","page","type-page","status-publish","hentry","description-off"],"yoast_head":"<!-- This site is optimized with the Yoast SEO plugin v25.6 - https:\/\/yoast.com\/wordpress\/plugins\/seo\/ -->\n<title>Trazabilidad - Inconexus<\/title>\n<meta name=\"robots\" content=\"index, follow, max-snippet:-1, max-image-preview:large, max-video-preview:-1\" \/>\n<link rel=\"canonical\" href=\"https:\/\/inconexus.com\/es\/traceability\/\" \/>\n<meta property=\"og:locale\" content=\"es_ES\" \/>\n<meta property=\"og:type\" content=\"article\" \/>\n<meta property=\"og:title\" content=\"Trazabilidad - Inconexus\" \/>\n<meta property=\"og:description\" content=\"[vc_row margin_top=\u00bb50px\u00bb][vc_column][vc_custom_heading text=\u00bbTRAZABILIDAD\u00bb google_fonts=\u00bbfont_family:Arvo%3Aregular%2Citalic%2C700%2C700italic|font_style:400%20regular%3A400%3Anormal\u00bb][vc_column_text] CONTAMOS CON UN SISTEMA DE CONTROL INTERNO QUE PERMITE GARANTIZAR SEGUIMIENTO DESDE EL PRIMER GRANO QUE ENTRA A LOS CENTROS DE ACOPIO HASTA EL \u00daLTIMO QUE&hellip;\" \/>\n<meta property=\"og:url\" content=\"https:\/\/inconexus.com\/es\/traceability\/\" \/>\n<meta property=\"og:site_name\" content=\"Inconexus\" \/>\n<meta property=\"article:modified_time\" content=\"2017-03-16T01:24:18+00:00\" \/>\n<meta name=\"twitter:card\" content=\"summary_large_image\" \/>\n<meta name=\"twitter:label1\" content=\"Tiempo de lectura\" \/>\n\t<meta name=\"twitter:data1\" content=\"2 minutos\" \/>\n<script type=\"application\/ld+json\" class=\"yoast-schema-graph\">{\"@context\":\"https:\/\/schema.org\",\"@graph\":[{\"@type\":\"WebPage\",\"@id\":\"https:\/\/inconexus.com\/es\/traceability\/\",\"url\":\"https:\/\/inconexus.com\/es\/traceability\/\",\"name\":\"Trazabilidad - Inconexus\",\"isPartOf\":{\"@id\":\"https:\/\/inconexus.com\/#website\"},\"datePublished\":\"2016-06-20T19:01:23+00:00\",\"dateModified\":\"2017-03-16T01:24:18+00:00\",\"breadcrumb\":{\"@id\":\"https:\/\/inconexus.com\/es\/traceability\/#breadcrumb\"},\"inLanguage\":\"es\",\"potentialAction\":[{\"@type\":\"ReadAction\",\"target\":[\"https:\/\/inconexus.com\/es\/traceability\/\"]}]},{\"@type\":\"BreadcrumbList\",\"@id\":\"https:\/\/inconexus.com\/es\/traceability\/#breadcrumb\",\"itemListElement\":[{\"@type\":\"ListItem\",\"position\":1,\"name\":\"Home\",\"item\":\"https:\/\/inconexus.com\/es\/\"},{\"@type\":\"ListItem\",\"position\":2,\"name\":\"Trazabilidad\"}]},{\"@type\":\"WebSite\",\"@id\":\"https:\/\/inconexus.com\/#website\",\"url\":\"https:\/\/inconexus.com\/\",\"name\":\"Inconexus\",\"description\":\"Best source of colombian fine coffee\",\"publisher\":{\"@id\":\"https:\/\/inconexus.com\/#organization\"},\"potentialAction\":[{\"@type\":\"SearchAction\",\"target\":{\"@type\":\"EntryPoint\",\"urlTemplate\":\"https:\/\/inconexus.com\/?s={search_term_string}\"},\"query-input\":{\"@type\":\"PropertyValueSpecification\",\"valueRequired\":true,\"valueName\":\"search_term_string\"}}],\"inLanguage\":\"es\"},{\"@type\":\"Organization\",\"@id\":\"https:\/\/inconexus.com\/#organization\",\"name\":\"Inconexus\",\"url\":\"https:\/\/inconexus.com\/\",\"logo\":{\"@type\":\"ImageObject\",\"inLanguage\":\"es\",\"@id\":\"https:\/\/inconexus.com\/#\/schema\/logo\/image\/\",\"url\":\"https:\/\/inconexus.com\/wp-content\/uploads\/2016\/05\/Logo_Inconexus.png\",\"contentUrl\":\"https:\/\/inconexus.com\/wp-content\/uploads\/2016\/05\/Logo_Inconexus.png\",\"width\":485,\"height\":485,\"caption\":\"Inconexus\"},\"image\":{\"@id\":\"https:\/\/inconexus.com\/#\/schema\/logo\/image\/\"}}]}<\/script>\n<!-- \/ Yoast SEO plugin. -->","yoast_head_json":{"title":"Trazabilidad - Inconexus","robots":{"index":"index","follow":"follow","max-snippet":"max-snippet:-1","max-image-preview":"max-image-preview:large","max-video-preview":"max-video-preview:-1"},"canonical":"https:\/\/inconexus.com\/es\/traceability\/","og_locale":"es_ES","og_type":"article","og_title":"Trazabilidad - Inconexus","og_description":"[vc_row margin_top=\u00bb50px\u00bb][vc_column][vc_custom_heading text=\u00bbTRAZABILIDAD\u00bb google_fonts=\u00bbfont_family:Arvo%3Aregular%2Citalic%2C700%2C700italic|font_style:400%20regular%3A400%3Anormal\u00bb][vc_column_text] CONTAMOS CON UN SISTEMA DE CONTROL INTERNO QUE PERMITE GARANTIZAR SEGUIMIENTO DESDE EL PRIMER GRANO QUE ENTRA A LOS CENTROS DE ACOPIO HASTA EL \u00daLTIMO QUE&hellip;","og_url":"https:\/\/inconexus.com\/es\/traceability\/","og_site_name":"Inconexus","article_modified_time":"2017-03-16T01:24:18+00:00","twitter_card":"summary_large_image","twitter_misc":{"Tiempo de lectura":"2 minutos"},"schema":{"@context":"https:\/\/schema.org","@graph":[{"@type":"WebPage","@id":"https:\/\/inconexus.com\/es\/traceability\/","url":"https:\/\/inconexus.com\/es\/traceability\/","name":"Trazabilidad - Inconexus","isPartOf":{"@id":"https:\/\/inconexus.com\/#website"},"datePublished":"2016-06-20T19:01:23+00:00","dateModified":"2017-03-16T01:24:18+00:00","breadcrumb":{"@id":"https:\/\/inconexus.com\/es\/traceability\/#breadcrumb"},"inLanguage":"es","potentialAction":[{"@type":"ReadAction","target":["https:\/\/inconexus.com\/es\/traceability\/"]}]},{"@type":"BreadcrumbList","@id":"https:\/\/inconexus.com\/es\/traceability\/#breadcrumb","itemListElement":[{"@type":"ListItem","position":1,"name":"Home","item":"https:\/\/inconexus.com\/es\/"},{"@type":"ListItem","position":2,"name":"Trazabilidad"}]},{"@type":"WebSite","@id":"https:\/\/inconexus.com\/#website","url":"https:\/\/inconexus.com\/","name":"Inconexus","description":"Best source of colombian fine coffee","publisher":{"@id":"https:\/\/inconexus.com\/#organization"},"potentialAction":[{"@type":"SearchAction","target":{"@type":"EntryPoint","urlTemplate":"https:\/\/inconexus.com\/?s={search_term_string}"},"query-input":{"@type":"PropertyValueSpecification","valueRequired":true,"valueName":"search_term_string"}}],"inLanguage":"es"},{"@type":"Organization","@id":"https:\/\/inconexus.com\/#organization","name":"Inconexus","url":"https:\/\/inconexus.com\/","logo":{"@type":"ImageObject","inLanguage":"es","@id":"https:\/\/inconexus.com\/#\/schema\/logo\/image\/","url":"https:\/\/inconexus.com\/wp-content\/uploads\/2016\/05\/Logo_Inconexus.png","contentUrl":"https:\/\/inconexus.com\/wp-content\/uploads\/2016\/05\/Logo_Inconexus.png","width":485,"height":485,"caption":"Inconexus"},"image":{"@id":"https:\/\/inconexus.com\/#\/schema\/logo\/image\/"}}]}},"_links":{"self":[{"href":"https:\/\/inconexus.com\/es\/wp-json\/wp\/v2\/pages\/384","targetHints":{"allow":["GET"]}}],"collection":[{"href":"https:\/\/inconexus.com\/es\/wp-json\/wp\/v2\/pages"}],"about":[{"href":"https:\/\/inconexus.com\/es\/wp-json\/wp\/v2\/types\/page"}],"author":[{"embeddable":true,"href":"https:\/\/inconexus.com\/es\/wp-json\/wp\/v2\/users\/4"}],"replies":[{"embeddable":true,"href":"https:\/\/inconexus.com\/es\/wp-json\/wp\/v2\/comments?post=384"}],"version-history":[{"count":3,"href":"https:\/\/inconexus.com\/es\/wp-json\/wp\/v2\/pages\/384\/revisions"}],"predecessor-version":[{"id":454,"href":"https:\/\/inconexus.com\/es\/wp-json\/wp\/v2\/pages\/384\/revisions\/454"}],"wp:attachment":[{"href":"https:\/\/inconexus.com\/es\/wp-json\/wp\/v2\/media?parent=384"}],"curies":[{"name":"wp","href":"https:\/\/api.w.org\/{rel}","templated":true}]}}